{"id":990337,"date":"2025-09-21T15:24:17","date_gmt":"2025-09-21T13:24:17","guid":{"rendered":"https:\/\/happyfox.pl\/?page_id=990337"},"modified":"2025-09-21T17:37:59","modified_gmt":"2025-09-21T15:37:59","slug":"rodo","status":"publish","type":"page","link":"https:\/\/happyfox.pl\/pl\/rodo\/","title":{"rendered":"RODO"},"content":{"rendered":"<div data-elementor-type=\"wp-page\" data-elementor-id=\"990337\" class=\"elementor elementor-990337\" data-elementor-post-type=\"page\">\n\t\t\t\t<div class=\"elementor-element elementor-element-28eefc8 e-flex e-con-boxed e-con e-parent\" data-id=\"28eefc8\" data-element_type=\"container\" data-e-type=\"container\">\n\t\t\t\t\t<div class=\"e-con-inner\">\n\t\t<div class=\"elementor-element elementor-element-3ce228b e-con-full e-flex e-con e-child\" data-id=\"3ce228b\" data-element_type=\"container\" data-e-type=\"container\">\n\t\t<div class=\"elementor-element elementor-element-73b193f e-con-full e-flex e-con e-child\" data-id=\"73b193f\" data-element_type=\"container\" data-e-type=\"container\">\n\t\t\t\t<div class=\"elementor-element elementor-element-4b06c96 elementor-widget__width-initial elementor-widget elementor-widget-text-editor\" data-id=\"4b06c96\" data-element_type=\"widget\" data-e-type=\"widget\" data-widget_type=\"text-editor.default\">\n\t\t\t\t<div class=\"elementor-widget-container\">\n\t\t\t\t\t\t\t\t\t<h3><strong>Klauzula informacyjna dotycz\u0105ca przetwarzania danych osobowych<\/strong><\/h3><p>\u00a0<\/p><p>Na podstawie art. 13 oraz art. 14 Rozporz\u0105dzenia Parlamentu Europejskiego i Rady (UE) 2016\/679 z dnia 27 kwietnia 2016 roku w sprawie ochrony os\u00f3b fizycznych w zwi\u0105zku z przetwarzaniem danych osobowych i w sprawie swobodnego przep\u0142ywy takich danych oraz uchylenia dyrektywy 95\/46\/WE (Dz.Urz.UE L2016, Nr 116) \u2013 dalej jako: RODO, niniejszym informujemy o obowi\u0105zuj\u0105cych od dnia 25 maja 2018 roku zasadach przetwarzania przez nas danych osobowych.<\/p><p>\u00a0<\/p><p><strong>Informacja dotycz\u0105ca Administratora danych osobowych<\/strong><\/p><p>\u00a0<\/p><ol><li>Administratorem Danych osobowych jest CWE Sp. z o.o. z siedzib\u0105 we Wroc\u0142awiu, ul. Osobowicka 153B\/9, 51-001 Wroc\u0142aw, wpisana do Krajowego Rejestru S\u0105dowego \u2013 Rejestru Przedsi\u0119biorc\u00f3w KRS pod numerem: 0001096281 przez S\u0105d Rejonowy dla Wroc\u0142awia-Fabrycznej we Wroc\u0142awiu Wydzia\u0142 VI Gospodarczy, NIP 8952270691, REGON 528158577, kapita\u0142 zak\u0142adowy 5.000 z\u0142 \u2013 dalej jako: Administrator.<\/li><li>Administrator nie ustanowi\u0142 inspektora danych osobowych. Wszelkich informacji odnosz\u0105cych si\u0119 do przetwarzania przez Administratora mo\u017cna uzyska\u0107 w siedzibie Administratora wskazanym w pkt. 1), jak r\u00f3wnie\u017c telefonicznie pod numerem telefonu: +48 533304533 albo mailowo pod adresem poczty elektronicznej: kontakt@happyfox.pl.<\/li><\/ol><p>\u00a0<\/p><p><strong>Cele oraz podstawy prawne przetwarzania danych osobowych<\/strong><\/p><p>\u00a0<\/p><ol><li>Dane osobowe Pani\/Pana oraz Pani\/Pana dziecka albo Pani\/Pana, jako osoby upowa\u017cnionej do opieki nad dzieckiem lub upowa\u017cnionej do odbioru dziecka z plac\u00f3wki, zostaj\u0105 przez Administratora uzyskane na etapie z\u0142o\u017cenia wniosku w procesie rekrutacji dziecka do jednostki sprawuj\u0105cej funkcje wychowawczo-opieku\u0144cze, dla kt\u00f3rej osob\u0105 prowadz\u0105c\u0105 jest Administrator lub na etapie z\u0142o\u017cenia upowa\u017cnienia do odebrania dziecka.<\/li><li>Dane osobowe przetwarzane s\u0105 w nast\u0119puj\u0105cych celach i na poni\u017cej wskazanej podstawie prawnej:<\/li><\/ol><p>W celu niezb\u0119dnym dla prawid\u0142owego \u015bwiadczenia us\u0142ug opieku\u0144czo-wychowawczych wynikaj\u0105cych z zawartej tj. w oparciu o podstaw\u0119 prawn\u0105 art. 6 ust. 1 lit. b RODO oraz art. 9 ust. 2 lit. a i c RODO,<\/p><p>W celu rozpatrywania zg\u0142oszonych skarg, uwag, wniosk\u00f3w i zapyta\u0144 skierowanych do Administratora, tj. w oparciu o podstaw\u0119 prawn\u0105 art. 6 ust. 1 lit. d RODO,<\/p><p>W celach archiwalnych i statystycznych tj. w oparciu o podstaw\u0119 prawn\u0105 art. 6 ust. 1 lit. c RODO,<\/p><p>W celu wykonywania ci\u0105\u017c\u0105cych na Administratorze obowi\u0105zk\u00f3w wynikaj\u0105cych z przepis\u00f3w prawa powszechnie obowi\u0105zuj\u0105cego, w tym prawa podatkowego, administracyjnego, tj. w oparciu o podstaw\u0119 prawn\u0105, art. 6 ust. 1 lit. c RODO,<\/p><p>W celu zwi\u0105zanym z istnieniem po stronie Administratora prawnie uzasadnionych interes\u00f3w, tj. dochodzenia roszcze\u0144 lub ochrony przed roszczeniami wynikaj\u0105cymi z zawieranych um\u00f3w oraz \u015bwiadczonych us\u0142ug, zapewnienia bezpiecze\u0144stwa w miejscu prowadzenia dzia\u0142alno\u015bci przez Administratora, jak r\u00f3wnie\u017c zabezpieczenia prawnie uzasadnionych interes\u00f3w Klient\u00f3w Administratora w sytuacji, w kt\u00f3rych ich interes zwi\u0105zany z ochron\u0105 jego praw i wolno\u015bci jest nadrz\u0119dny wobec interes\u00f3w, praw i wolno\u015bci osoby, kt\u00f3rej dane dotycz\u0105, tj. w oparciu o podstaw\u0119 prawn\u0105 z art. 6 ust. 1 lit. f RODO,<\/p><p>W celu zapewnienia bezpiecze\u0144stwa i porz\u0105dku publicznego oraz ochrony os\u00f3b i mienia na terenie siedziby Administratora, ograniczenia zachowa\u0144 konfliktowych i weryfikacji przebiegu takich zachowa\u0144 na podstawie udzielonej zgody, tj. w oparciu o przepis art. 9 ust. 2 lit a RODO,<\/p><p>W innych celach dane osobowe mog\u0105 by\u0107 przetwarzane wy\u0142\u0105cznie na podstawie udzielonej zgody, tj. w oparciu o przepis art. 9 ust. 2 lit a RODO albo art. 6 ust. 1 lit. a RODO.<\/p><p>Podanie Danych osobowych jest warunkiem ustawowym, jak r\u00f3wnie\u017c koniecznym dla realizacji przez Administratora zada\u0144 statutowych i mo\u017cliwo\u015bci realizacji zawieranej umowy. Niepodanie Danych osobowych lub niewyra\u017cenie zgody na ich przetwarzania skutkowa\u0107 b\u0119dzie brakiem mo\u017cliwo\u015bci zawarcia lub realizacji umowy.<\/p><p>Postanowienia pkt 3) nie dotycz\u0105 jednak danych osobowych o kt\u00f3rych mowa w pkt. 1) lit. g. Wyra\u017cenie zgody na przetwarzanie danych osobowych w tym celu jest dobrowolne.<\/p><p>\u00a0<\/p><p><strong>Informacje o odbiorcach Danych osobowych<\/strong><\/p><p>\u00a0<\/p><p>Informujemy, \u017ce Dane osobowe o kt\u00f3rych mowa w ust. 2 przekazywane s\u0105 okre\u015blonym odbiorcom tych danych, do kt\u00f3rych zalicza si\u0119:<\/p><ol><li>podmioty wsp\u00f3\u0142pracuj\u0105ce z Administratorem w zakresie \u015bwiadczenia na jego rzecz us\u0142ug w szczeg\u00f3lno\u015bci ksi\u0119gowych, prawnych, ubezpieczeniowych, audytowych, informatycznych, windykacyjnych, przedsi\u0119biorstw kurierskich, przedsi\u0119biorstw \u015bwiadcz\u0105cych us\u0142ugi przewozu towar\u00f3w, us\u0142ugi pocztowe, jak r\u00f3wnie\u017c wsp\u00f3\u0142pracuj\u0105cych z Administratorem adwokat\u00f3w, radc\u00f3w prawnych, notariuszy oraz inne podmioty \u015bwiadcz\u0105ce us\u0142ugi prawne samodzielnie decyduj\u0105cy o celach i sposobach przetwarzania Danych osobowych, poradnie psychologiczno-pedagogiczne.<\/li><li>organy oraz instytucje publiczne na zasadach wynikaj\u0105cych z przepis\u00f3w prawa powszechnie obowi\u0105zuj\u0105cego, w tym organy wymiaru sprawiedliwo\u015bci i s\u0105dy, organy pod<\/li><\/ol>\t\t\t\t\t\t\t\t<\/div>\n\t\t\t\t<\/div>\n\t\t\t\t<\/div>\n\t\t\t\t<\/div>\n\t\t\t\t\t<\/div>\n\t\t\t\t<\/div>\n\t\t\t\t<\/div>","protected":false},"excerpt":{"rendered":"<p>Information clause regarding the processing of personal data \u00a0 Pursuant to Articles 13 and 14 of Regulation (EU) 2016\/679 of the European Parliament and of the Council of 27 April 2016 on the protection of natural persons with regard to the processing of personal data and on the free movement of such data, and repealing&#8230;<\/p>","protected":false},"author":1,"featured_media":0,"parent":0,"menu_order":0,"comment_status":"closed","ping_status":"closed","template":"","meta":{"footnotes":""},"class_list":["post-990337","page","type-page","status-publish","hentry"],"yoast_head":"<!-- This site is optimized with the Yoast SEO plugin v27.4 - https:\/\/yoast.com\/product\/yoast-seo-wordpress\/ -->\n<title>RODO - &quot;Happy Fox&quot; J\u0119zykowe przedszkole i \u017c\u0142obek Montessori<\/title>\n<meta name=\"robots\" content=\"index, follow, max-snippet:-1, max-image-preview:large, max-video-preview:-1\" \/>\n<link rel=\"canonical\" href=\"https:\/\/happyfox.pl\/pl\/rodo\/\" \/>\n<meta property=\"og:locale\" content=\"pl_PL\" \/>\n<meta property=\"og:type\" content=\"article\" \/>\n<meta property=\"og:title\" content=\"RODO - &quot;Happy Fox&quot; J\u0119zykowe przedszkole i \u017c\u0142obek Montessori\" \/>\n<meta property=\"og:description\" content=\"Information clause regarding the processing of personal data \u00a0 Pursuant to Articles 13 and 14 of Regulation (EU) 2016\/679 of the European Parliament and of the Council of 27 April 2016 on the protection of natural persons with regard to the processing of personal data and on the free movement of such data, and repealing...\" \/>\n<meta property=\"og:url\" content=\"https:\/\/happyfox.pl\/pl\/rodo\/\" \/>\n<meta property=\"og:site_name\" content=\"&quot;Happy Fox&quot; J\u0119zykowe przedszkole i \u017c\u0142obek Montessori\" \/>\n<meta property=\"article:modified_time\" content=\"2025-09-21T15:37:59+00:00\" \/>\n<meta name=\"twitter:card\" content=\"summary_large_image\" \/>\n<meta name=\"twitter:label1\" content=\"Szacowany czas czytania\" \/>\n\t<meta name=\"twitter:data1\" content=\"5 minut\" \/>\n<script type=\"application\/ld+json\" class=\"yoast-schema-graph\">{\"@context\":\"https:\\\/\\\/schema.org\",\"@graph\":[{\"@type\":\"WebPage\",\"@id\":\"https:\\\/\\\/happyfox.pl\\\/rodo\\\/\",\"url\":\"https:\\\/\\\/happyfox.pl\\\/rodo\\\/\",\"name\":\"RODO - &quot;Happy Fox&quot; J\u0119zykowe przedszkole i \u017c\u0142obek Montessori\",\"isPartOf\":{\"@id\":\"https:\\\/\\\/happyfox.pl\\\/pl\\\/#website\"},\"datePublished\":\"2025-09-21T13:24:17+00:00\",\"dateModified\":\"2025-09-21T15:37:59+00:00\",\"breadcrumb\":{\"@id\":\"https:\\\/\\\/happyfox.pl\\\/rodo\\\/#breadcrumb\"},\"inLanguage\":\"pl-PL\",\"potentialAction\":[{\"@type\":\"ReadAction\",\"target\":[\"https:\\\/\\\/happyfox.pl\\\/rodo\\\/\"]}]},{\"@type\":\"BreadcrumbList\",\"@id\":\"https:\\\/\\\/happyfox.pl\\\/rodo\\\/#breadcrumb\",\"itemListElement\":[{\"@type\":\"ListItem\",\"position\":1,\"name\":\"Home\",\"item\":\"https:\\\/\\\/happyfox.pl\\\/\"},{\"@type\":\"ListItem\",\"position\":2,\"name\":\"RODO\"}]},{\"@type\":\"WebSite\",\"@id\":\"https:\\\/\\\/happyfox.pl\\\/pl\\\/#website\",\"url\":\"https:\\\/\\\/happyfox.pl\\\/pl\\\/\",\"name\":\"&quot;Happy Fox&quot; J\u0119zykowe przedszkole i \u017c\u0142obek Montessori\",\"description\":\"J\u0119zykowe przedszkole i \u017c\u0142obek Montessori\",\"publisher\":{\"@id\":\"https:\\\/\\\/happyfox.pl\\\/pl\\\/#organization\"},\"potentialAction\":[{\"@type\":\"SearchAction\",\"target\":{\"@type\":\"EntryPoint\",\"urlTemplate\":\"https:\\\/\\\/happyfox.pl\\\/pl\\\/?s={search_term_string}\"},\"query-input\":{\"@type\":\"PropertyValueSpecification\",\"valueRequired\":true,\"valueName\":\"search_term_string\"}}],\"inLanguage\":\"pl-PL\"},{\"@type\":\"Organization\",\"@id\":\"https:\\\/\\\/happyfox.pl\\\/pl\\\/#organization\",\"name\":\"&quot;Happy Fox&quot; J\u0119zykowe przedszkole i \u017c\u0142obek Montessori\",\"url\":\"https:\\\/\\\/happyfox.pl\\\/pl\\\/\",\"logo\":{\"@type\":\"ImageObject\",\"inLanguage\":\"pl-PL\",\"@id\":\"https:\\\/\\\/happyfox.pl\\\/pl\\\/#\\\/schema\\\/logo\\\/image\\\/\",\"url\":\"https:\\\/\\\/happyfox.pl\\\/wp-content\\\/uploads\\\/2024\\\/08\\\/logo-happyfox.png\",\"contentUrl\":\"https:\\\/\\\/happyfox.pl\\\/wp-content\\\/uploads\\\/2024\\\/08\\\/logo-happyfox.png\",\"width\":2047,\"height\":808,\"caption\":\"&quot;Happy Fox&quot; J\u0119zykowe przedszkole i \u017c\u0142obek Montessori\"},\"image\":{\"@id\":\"https:\\\/\\\/happyfox.pl\\\/pl\\\/#\\\/schema\\\/logo\\\/image\\\/\"}}]}<\/script>\n<!-- \/ Yoast SEO plugin. -->","yoast_head_json":{"title":"RODO - &quot;Happy Fox&quot; J\u0119zykowe przedszkole i \u017c\u0142obek Montessori","robots":{"index":"index","follow":"follow","max-snippet":"max-snippet:-1","max-image-preview":"max-image-preview:large","max-video-preview":"max-video-preview:-1"},"canonical":"https:\/\/happyfox.pl\/pl\/rodo\/","og_locale":"pl_PL","og_type":"article","og_title":"RODO - &quot;Happy Fox&quot; J\u0119zykowe przedszkole i \u017c\u0142obek Montessori","og_description":"Information clause regarding the processing of personal data \u00a0 Pursuant to Articles 13 and 14 of Regulation (EU) 2016\/679 of the European Parliament and of the Council of 27 April 2016 on the protection of natural persons with regard to the processing of personal data and on the free movement of such data, and repealing...","og_url":"https:\/\/happyfox.pl\/pl\/rodo\/","og_site_name":"&quot;Happy Fox&quot; J\u0119zykowe przedszkole i \u017c\u0142obek Montessori","article_modified_time":"2025-09-21T15:37:59+00:00","twitter_card":"summary_large_image","twitter_misc":{"Szacowany czas czytania":"5 minut"},"schema":{"@context":"https:\/\/schema.org","@graph":[{"@type":"WebPage","@id":"https:\/\/happyfox.pl\/rodo\/","url":"https:\/\/happyfox.pl\/rodo\/","name":"RODO - &quot;Happy Fox&quot; J\u0119zykowe przedszkole i \u017c\u0142obek Montessori","isPartOf":{"@id":"https:\/\/happyfox.pl\/pl\/#website"},"datePublished":"2025-09-21T13:24:17+00:00","dateModified":"2025-09-21T15:37:59+00:00","breadcrumb":{"@id":"https:\/\/happyfox.pl\/rodo\/#breadcrumb"},"inLanguage":"pl-PL","potentialAction":[{"@type":"ReadAction","target":["https:\/\/happyfox.pl\/rodo\/"]}]},{"@type":"BreadcrumbList","@id":"https:\/\/happyfox.pl\/rodo\/#breadcrumb","itemListElement":[{"@type":"ListItem","position":1,"name":"Home","item":"https:\/\/happyfox.pl\/"},{"@type":"ListItem","position":2,"name":"RODO"}]},{"@type":"WebSite","@id":"https:\/\/happyfox.pl\/pl\/#website","url":"https:\/\/happyfox.pl\/pl\/","name":"&quot;Happy Fox&quot; J\u0119zykowe przedszkole i \u017c\u0142obek Montessori","description":"J\u0119zykowe przedszkole i \u017c\u0142obek Montessori","publisher":{"@id":"https:\/\/happyfox.pl\/pl\/#organization"},"potentialAction":[{"@type":"SearchAction","target":{"@type":"EntryPoint","urlTemplate":"https:\/\/happyfox.pl\/pl\/?s={search_term_string}"},"query-input":{"@type":"PropertyValueSpecification","valueRequired":true,"valueName":"search_term_string"}}],"inLanguage":"pl-PL"},{"@type":"Organization","@id":"https:\/\/happyfox.pl\/pl\/#organization","name":"&quot;Happy Fox&quot; J\u0119zykowe przedszkole i \u017c\u0142obek Montessori","url":"https:\/\/happyfox.pl\/pl\/","logo":{"@type":"ImageObject","inLanguage":"pl-PL","@id":"https:\/\/happyfox.pl\/pl\/#\/schema\/logo\/image\/","url":"https:\/\/happyfox.pl\/wp-content\/uploads\/2024\/08\/logo-happyfox.png","contentUrl":"https:\/\/happyfox.pl\/wp-content\/uploads\/2024\/08\/logo-happyfox.png","width":2047,"height":808,"caption":"&quot;Happy Fox&quot; J\u0119zykowe przedszkole i \u017c\u0142obek Montessori"},"image":{"@id":"https:\/\/happyfox.pl\/pl\/#\/schema\/logo\/image\/"}}]}},"_links":{"self":[{"href":"https:\/\/happyfox.pl\/pl\/wp-json\/wp\/v2\/pages\/990337","targetHints":{"allow":["GET"]}}],"collection":[{"href":"https:\/\/happyfox.pl\/pl\/wp-json\/wp\/v2\/pages"}],"about":[{"href":"https:\/\/happyfox.pl\/pl\/wp-json\/wp\/v2\/types\/page"}],"author":[{"embeddable":true,"href":"https:\/\/happyfox.pl\/pl\/wp-json\/wp\/v2\/users\/1"}],"replies":[{"embeddable":true,"href":"https:\/\/happyfox.pl\/pl\/wp-json\/wp\/v2\/comments?post=990337"}],"version-history":[{"count":13,"href":"https:\/\/happyfox.pl\/pl\/wp-json\/wp\/v2\/pages\/990337\/revisions"}],"predecessor-version":[{"id":990356,"href":"https:\/\/happyfox.pl\/pl\/wp-json\/wp\/v2\/pages\/990337\/revisions\/990356"}],"wp:attachment":[{"href":"https:\/\/happyfox.pl\/pl\/wp-json\/wp\/v2\/media?parent=990337"}],"curies":[{"name":"wp","href":"https:\/\/api.w.org\/{rel}","templated":true}]}}