{"id":990327,"date":"2025-07-11T19:41:46","date_gmt":"2025-07-11T17:41:46","guid":{"rendered":"https:\/\/happyfox.pl\/?page_id=990327"},"modified":"2026-02-01T22:26:55","modified_gmt":"2026-02-01T21:26:55","slug":"blog","status":"publish","type":"page","link":"https:\/\/happyfox.pl\/pl\/blog\/","title":{"rendered":"Blog"},"content":{"rendered":"<div data-elementor-type=\"wp-page\" data-elementor-id=\"990327\" class=\"elementor elementor-990327\" data-elementor-post-type=\"page\">\n\t\t\t\t<div class=\"elementor-element elementor-element-2b6c0f8 e-flex e-con-boxed e-con e-parent\" data-id=\"2b6c0f8\" data-element_type=\"container\" data-e-type=\"container\">\n\t\t\t\t\t<div class=\"e-con-inner\">\n\t\t\t\t<div class=\"elementor-element elementor-element-63ae36d elementor-widget elementor-widget-text-editor\" data-id=\"63ae36d\" data-element_type=\"widget\" data-e-type=\"widget\" data-widget_type=\"text-editor.default\">\n\t\t\t\t<div class=\"elementor-widget-container\">\n\t\t\t\t\t\t\t\t\t<h4>Foxy Blog w przygotowaniu! <br \/>Wkr\u00f3tce znajdziecie tu porady, ciekawostki i inspiracje z \u017cycia Happy Fox.<\/h4>\t\t\t\t\t\t\t\t<\/div>\n\t\t\t\t<\/div>\n\t\t\t\t\t<\/div>\n\t\t\t\t<\/div>\n\t\t<div class=\"elementor-element elementor-element-0900b42 e-flex e-con-boxed e-con e-parent\" data-id=\"0900b42\" data-element_type=\"container\" data-e-type=\"container\">\n\t\t\t\t\t<div class=\"e-con-inner\">\n\t\t\t\t\t<\/div>\n\t\t\t\t<\/div>\n\t\t\t\t<\/div>","protected":false},"excerpt":{"rendered":"<p>Foxy Blog coming soon! Soon you\u2019ll find tips, insights and inspiration from the world of Happy Fox.<\/p>","protected":false},"author":1,"featured_media":0,"parent":0,"menu_order":0,"comment_status":"closed","ping_status":"closed","template":"","meta":{"footnotes":""},"class_list":["post-990327","page","type-page","status-publish","hentry"],"yoast_head":"<!-- This site is optimized with the Yoast SEO plugin v27.4 - https:\/\/yoast.com\/product\/yoast-seo-wordpress\/ -->\n<title>Blog - &quot;Happy Fox&quot; J\u0119zykowe przedszkole i \u017c\u0142obek Montessori<\/title>\n<meta name=\"robots\" content=\"index, follow, max-snippet:-1, max-image-preview:large, max-video-preview:-1\" \/>\n<link rel=\"canonical\" href=\"https:\/\/happyfox.pl\/pl\/blog\/\" \/>\n<meta property=\"og:locale\" content=\"pl_PL\" \/>\n<meta property=\"og:type\" content=\"article\" \/>\n<meta property=\"og:title\" content=\"Blog - &quot;Happy Fox&quot; J\u0119zykowe przedszkole i \u017c\u0142obek Montessori\" \/>\n<meta property=\"og:description\" content=\"Foxy Blog coming soon! Soon you\u2019ll find tips, insights and inspiration from the world of Happy Fox.\" \/>\n<meta property=\"og:url\" content=\"https:\/\/happyfox.pl\/pl\/blog\/\" \/>\n<meta property=\"og:site_name\" content=\"&quot;Happy Fox&quot; J\u0119zykowe przedszkole i \u017c\u0142obek Montessori\" \/>\n<meta property=\"article:modified_time\" content=\"2026-02-01T21:26:55+00:00\" \/>\n<meta name=\"twitter:card\" content=\"summary_large_image\" \/>\n<meta name=\"twitter:label1\" content=\"Szacowany czas czytania\" \/>\n\t<meta name=\"twitter:data1\" content=\"1 minuta\" \/>\n<script type=\"application\/ld+json\" class=\"yoast-schema-graph\">{\"@context\":\"https:\\\/\\\/schema.org\",\"@graph\":[{\"@type\":\"WebPage\",\"@id\":\"https:\\\/\\\/happyfox.pl\\\/blog\\\/\",\"url\":\"https:\\\/\\\/happyfox.pl\\\/blog\\\/\",\"name\":\"Blog - &quot;Happy Fox&quot; J\u0119zykowe przedszkole i \u017c\u0142obek Montessori\",\"isPartOf\":{\"@id\":\"https:\\\/\\\/happyfox.pl\\\/pl\\\/#website\"},\"datePublished\":\"2025-07-11T17:41:46+00:00\",\"dateModified\":\"2026-02-01T21:26:55+00:00\",\"breadcrumb\":{\"@id\":\"https:\\\/\\\/happyfox.pl\\\/blog\\\/#breadcrumb\"},\"inLanguage\":\"pl-PL\",\"potentialAction\":[{\"@type\":\"ReadAction\",\"target\":[\"https:\\\/\\\/happyfox.pl\\\/blog\\\/\"]}]},{\"@type\":\"BreadcrumbList\",\"@id\":\"https:\\\/\\\/happyfox.pl\\\/blog\\\/#breadcrumb\",\"itemListElement\":[{\"@type\":\"ListItem\",\"position\":1,\"name\":\"Home\",\"item\":\"https:\\\/\\\/happyfox.pl\\\/\"},{\"@type\":\"ListItem\",\"position\":2,\"name\":\"Blog\"}]},{\"@type\":\"WebSite\",\"@id\":\"https:\\\/\\\/happyfox.pl\\\/pl\\\/#website\",\"url\":\"https:\\\/\\\/happyfox.pl\\\/pl\\\/\",\"name\":\"&quot;Happy Fox&quot; J\u0119zykowe przedszkole i \u017c\u0142obek Montessori\",\"description\":\"J\u0119zykowe przedszkole i \u017c\u0142obek Montessori\",\"publisher\":{\"@id\":\"https:\\\/\\\/happyfox.pl\\\/pl\\\/#organization\"},\"potentialAction\":[{\"@type\":\"SearchAction\",\"target\":{\"@type\":\"EntryPoint\",\"urlTemplate\":\"https:\\\/\\\/happyfox.pl\\\/pl\\\/?s={search_term_string}\"},\"query-input\":{\"@type\":\"PropertyValueSpecification\",\"valueRequired\":true,\"valueName\":\"search_term_string\"}}],\"inLanguage\":\"pl-PL\"},{\"@type\":\"Organization\",\"@id\":\"https:\\\/\\\/happyfox.pl\\\/pl\\\/#organization\",\"name\":\"&quot;Happy Fox&quot; J\u0119zykowe przedszkole i \u017c\u0142obek Montessori\",\"url\":\"https:\\\/\\\/happyfox.pl\\\/pl\\\/\",\"logo\":{\"@type\":\"ImageObject\",\"inLanguage\":\"pl-PL\",\"@id\":\"https:\\\/\\\/happyfox.pl\\\/pl\\\/#\\\/schema\\\/logo\\\/image\\\/\",\"url\":\"https:\\\/\\\/happyfox.pl\\\/wp-content\\\/uploads\\\/2024\\\/08\\\/logo-happyfox.png\",\"contentUrl\":\"https:\\\/\\\/happyfox.pl\\\/wp-content\\\/uploads\\\/2024\\\/08\\\/logo-happyfox.png\",\"width\":2047,\"height\":808,\"caption\":\"&quot;Happy Fox&quot; J\u0119zykowe przedszkole i \u017c\u0142obek Montessori\"},\"image\":{\"@id\":\"https:\\\/\\\/happyfox.pl\\\/pl\\\/#\\\/schema\\\/logo\\\/image\\\/\"}}]}<\/script>\n<!-- \/ Yoast SEO plugin. -->","yoast_head_json":{"title":"Blog - &quot;Happy Fox&quot; J\u0119zykowe przedszkole i \u017c\u0142obek Montessori","robots":{"index":"index","follow":"follow","max-snippet":"max-snippet:-1","max-image-preview":"max-image-preview:large","max-video-preview":"max-video-preview:-1"},"canonical":"https:\/\/happyfox.pl\/pl\/blog\/","og_locale":"pl_PL","og_type":"article","og_title":"Blog - &quot;Happy Fox&quot; J\u0119zykowe przedszkole i \u017c\u0142obek Montessori","og_description":"Foxy Blog coming soon! Soon you\u2019ll find tips, insights and inspiration from the world of Happy Fox.","og_url":"https:\/\/happyfox.pl\/pl\/blog\/","og_site_name":"&quot;Happy Fox&quot; J\u0119zykowe przedszkole i \u017c\u0142obek Montessori","article_modified_time":"2026-02-01T21:26:55+00:00","twitter_card":"summary_large_image","twitter_misc":{"Szacowany czas czytania":"1 minuta"},"schema":{"@context":"https:\/\/schema.org","@graph":[{"@type":"WebPage","@id":"https:\/\/happyfox.pl\/blog\/","url":"https:\/\/happyfox.pl\/blog\/","name":"Blog - &quot;Happy Fox&quot; J\u0119zykowe przedszkole i \u017c\u0142obek Montessori","isPartOf":{"@id":"https:\/\/happyfox.pl\/pl\/#website"},"datePublished":"2025-07-11T17:41:46+00:00","dateModified":"2026-02-01T21:26:55+00:00","breadcrumb":{"@id":"https:\/\/happyfox.pl\/blog\/#breadcrumb"},"inLanguage":"pl-PL","potentialAction":[{"@type":"ReadAction","target":["https:\/\/happyfox.pl\/blog\/"]}]},{"@type":"BreadcrumbList","@id":"https:\/\/happyfox.pl\/blog\/#breadcrumb","itemListElement":[{"@type":"ListItem","position":1,"name":"Home","item":"https:\/\/happyfox.pl\/"},{"@type":"ListItem","position":2,"name":"Blog"}]},{"@type":"WebSite","@id":"https:\/\/happyfox.pl\/pl\/#website","url":"https:\/\/happyfox.pl\/pl\/","name":"&quot;Happy Fox&quot; J\u0119zykowe przedszkole i \u017c\u0142obek Montessori","description":"J\u0119zykowe przedszkole i \u017c\u0142obek Montessori","publisher":{"@id":"https:\/\/happyfox.pl\/pl\/#organization"},"potentialAction":[{"@type":"SearchAction","target":{"@type":"EntryPoint","urlTemplate":"https:\/\/happyfox.pl\/pl\/?s={search_term_string}"},"query-input":{"@type":"PropertyValueSpecification","valueRequired":true,"valueName":"search_term_string"}}],"inLanguage":"pl-PL"},{"@type":"Organization","@id":"https:\/\/happyfox.pl\/pl\/#organization","name":"&quot;Happy Fox&quot; J\u0119zykowe przedszkole i \u017c\u0142obek Montessori","url":"https:\/\/happyfox.pl\/pl\/","logo":{"@type":"ImageObject","inLanguage":"pl-PL","@id":"https:\/\/happyfox.pl\/pl\/#\/schema\/logo\/image\/","url":"https:\/\/happyfox.pl\/wp-content\/uploads\/2024\/08\/logo-happyfox.png","contentUrl":"https:\/\/happyfox.pl\/wp-content\/uploads\/2024\/08\/logo-happyfox.png","width":2047,"height":808,"caption":"&quot;Happy Fox&quot; J\u0119zykowe przedszkole i \u017c\u0142obek Montessori"},"image":{"@id":"https:\/\/happyfox.pl\/pl\/#\/schema\/logo\/image\/"}}]}},"_links":{"self":[{"href":"https:\/\/happyfox.pl\/pl\/wp-json\/wp\/v2\/pages\/990327","targetHints":{"allow":["GET"]}}],"collection":[{"href":"https:\/\/happyfox.pl\/pl\/wp-json\/wp\/v2\/pages"}],"about":[{"href":"https:\/\/happyfox.pl\/pl\/wp-json\/wp\/v2\/types\/page"}],"author":[{"embeddable":true,"href":"https:\/\/happyfox.pl\/pl\/wp-json\/wp\/v2\/users\/1"}],"replies":[{"embeddable":true,"href":"https:\/\/happyfox.pl\/pl\/wp-json\/wp\/v2\/comments?post=990327"}],"version-history":[{"count":17,"href":"https:\/\/happyfox.pl\/pl\/wp-json\/wp\/v2\/pages\/990327\/revisions"}],"predecessor-version":[{"id":990752,"href":"https:\/\/happyfox.pl\/pl\/wp-json\/wp\/v2\/pages\/990327\/revisions\/990752"}],"wp:attachment":[{"href":"https:\/\/happyfox.pl\/pl\/wp-json\/wp\/v2\/media?parent=990327"}],"curies":[{"name":"wp","href":"https:\/\/api.w.org\/{rel}","templated":true}]}}